{"id":423,"date":"2023-10-31T18:11:04","date_gmt":"2023-10-31T21:11:04","guid":{"rendered":"https:\/\/aftadvocacia.adv.br\/wordpressfoto\/?page_id=423"},"modified":"2025-03-10T14:11:31","modified_gmt":"2025-03-10T17:11:31","slug":"contato","status":"publish","type":"page","link":"https:\/\/aftadvocacia.adv.br\/wordpressfoto\/contato\/","title":{"rendered":"Contato"},"content":{"rendered":"\t\t<div data-elementor-type=\"wp-page\" data-elementor-id=\"423\" class=\"elementor elementor-423\" data-elementor-post-type=\"page\">\n\t\t\t\t<div class=\"elementor-element elementor-element-dccda1f e-con-full e-flex e-con e-parent\" data-id=\"dccda1f\" data-element_type=\"container\">\n\t\t<div class=\"elementor-element elementor-element-2449f98 elementor-hidden-tablet elementor-hidden-mobile e-con-full e-flex e-con e-child\" data-id=\"2449f98\" data-element_type=\"container\" data-settings=\"{&quot;background_background&quot;:&quot;classic&quot;}\">\n\t\t\t\t<\/div>\n\t\t<div class=\"elementor-element elementor-element-67ce980 e-con-full e-flex e-con e-child\" data-id=\"67ce980\" data-element_type=\"container\" data-settings=\"{&quot;background_background&quot;:&quot;classic&quot;}\">\n\t\t\t\t<div class=\"elementor-element elementor-element-dcab88d elementor-widget-tablet__width-inherit elementor-widget elementor-widget-heading\" data-id=\"dcab88d\" data-element_type=\"widget\" data-widget_type=\"heading.default\">\n\t\t\t\t<div class=\"elementor-widget-container\">\n\t\t\t\t\t<h1 class=\"elementor-heading-title elementor-size-default\">Contato<\/h1>\t\t\t\t<\/div>\n\t\t\t\t<\/div>\n\t\t\t\t<\/div>\n\t\t\t\t<\/div>\n\t\t<div class=\"elementor-element elementor-element-3f03522 e-flex e-con-boxed e-con e-parent\" data-id=\"3f03522\" data-element_type=\"container\">\n\t\t\t\t\t<div class=\"e-con-inner\">\n\t\t<div class=\"elementor-element elementor-element-2083597 e-con-full e-flex e-con e-child\" data-id=\"2083597\" data-element_type=\"container\">\n\t\t<div class=\"elementor-element elementor-element-96ca41a e-con-full e-flex e-con e-child\" data-id=\"96ca41a\" data-element_type=\"container\">\n\t\t\t\t<div class=\"elementor-element elementor-element-96c4764 elementor-widget elementor-widget-heading\" data-id=\"96c4764\" data-element_type=\"widget\" data-widget_type=\"heading.default\">\n\t\t\t\t<div class=\"elementor-widget-container\">\n\t\t\t\t\t<h5 class=\"elementor-heading-title elementor-size-default\">Fale com a AFT<\/h5>\t\t\t\t<\/div>\n\t\t\t\t<\/div>\n\t\t\t\t<div class=\"elementor-element elementor-element-72a4d8e elementor-widget elementor-widget-heading\" data-id=\"72a4d8e\" data-element_type=\"widget\" data-widget_type=\"heading.default\">\n\t\t\t\t<div class=\"elementor-widget-container\">\n\t\t\t\t\t<h2 class=\"elementor-heading-title elementor-size-default\">Deixe sua mensagem, retornaremos em breve<\/h2>\t\t\t\t<\/div>\n\t\t\t\t<\/div>\n\t\t\t\t<\/div>\n\t\t\t\t<\/div>\n\t\t<div class=\"elementor-element elementor-element-b593031 e-con-full e-flex e-con e-child\" data-id=\"b593031\" data-element_type=\"container\">\n\t\t\t\t<div class=\"elementor-element elementor-element-3094b17 ekit-equal-height-disable elementor-widget elementor-widget-elementskit-icon-box\" data-id=\"3094b17\" data-element_type=\"widget\" data-widget_type=\"elementskit-icon-box.default\">\n\t\t\t\t<div class=\"elementor-widget-container\">\n\t\t\t\t\t<div class=\"ekit-wid-con\" >        <!-- link opening -->\n                <a href=\"https:\/\/bit.ly\/aft_site\" target=\"_blank\" class=\"ekit_global_links\">\n                <!-- end link opening -->\n\n        <div class=\"elementskit-infobox text-left text-left icon-lef-right-aligin elementor-animation- media  \">\n                    <div class=\"elementskit-box-header elementor-animation-\">\n                <div class=\"elementskit-info-box-icon  text-center\">\n                    <i aria-hidden=\"true\" class=\"elementkit-infobox-icon icon icon-whatsapp-2\"><\/i>\n                <\/div>\n          <\/div>\n                        <div class=\"box-body\">\n                            <h3 class=\"elementskit-info-box-title\">\n                    Fone \/ Whats                <\/h3>\n                        \t\t  \t<p>(54) 3055-4987<\/p>\n                                <\/div>\n        \n        <div class=\"icon-hover\">\n            <i aria-hidden=\"true\" class=\"icon icon-whatsapp-2\"><\/i>        <\/div>\n\n        \n        \n                <\/div>\n                <\/a>\n        <\/div>\t\t\t\t<\/div>\n\t\t\t\t<\/div>\n\t\t\t\t<div class=\"elementor-element elementor-element-f82454f ekit-equal-height-disable elementor-widget elementor-widget-elementskit-icon-box\" data-id=\"f82454f\" data-element_type=\"widget\" data-widget_type=\"elementskit-icon-box.default\">\n\t\t\t\t<div class=\"elementor-widget-container\">\n\t\t\t\t\t<div class=\"ekit-wid-con\" >        <!-- link opening -->\n                <a href=\"https:\/\/maps.app.goo.gl\/BnfTwe1GhgquJQs29\" target=\"_blank\" class=\"ekit_global_links\">\n                <!-- end link opening -->\n\n        <div class=\"elementskit-infobox text-left text-left icon-lef-right-aligin elementor-animation- media  \">\n                    <div class=\"elementskit-box-header elementor-animation-\">\n                <div class=\"elementskit-info-box-icon  text-center\">\n                    <i aria-hidden=\"true\" class=\"elementkit-infobox-icon icon icon-Speed-Clock\"><\/i>\n                <\/div>\n          <\/div>\n                        <div class=\"box-body\">\n                            <h3 class=\"elementskit-info-box-title\">\n                    Atendimento                <\/h3>\n                        \t\t  \t<p>Segunda \u00e0 Sexta, 07:30-11:30 | 13:30-18:00<\/p>\n                                <\/div>\n        \n        <div class=\"icon-hover\">\n            <i aria-hidden=\"true\" class=\"icon icon-clock11\"><\/i>        <\/div>\n\n        \n        \n                <\/div>\n                <\/a>\n        <\/div>\t\t\t\t<\/div>\n\t\t\t\t<\/div>\n\t\t\t\t<div class=\"elementor-element elementor-element-e89cf04 ekit-equal-height-disable elementor-widget elementor-widget-elementskit-icon-box\" data-id=\"e89cf04\" data-element_type=\"widget\" data-widget_type=\"elementskit-icon-box.default\">\n\t\t\t\t<div class=\"elementor-widget-container\">\n\t\t\t\t\t<div class=\"ekit-wid-con\" >        <!-- link opening -->\n                <a href=\"mailto:aftadvocacia@aftadvocacia.adv.br\" class=\"ekit_global_links\">\n                <!-- end link opening -->\n\n        <div class=\"elementskit-infobox text- text-left icon-lef-right-aligin elementor-animation- media  \">\n                    <div class=\"elementskit-box-header elementor-animation-\">\n                <div class=\"elementskit-info-box-icon  text-center\">\n                    <i aria-hidden=\"true\" class=\"elementkit-infobox-icon icon icon-mail\"><\/i>\n                <\/div>\n          <\/div>\n                        <div class=\"box-body\">\n                            <h3 class=\"elementskit-info-box-title\">\n                    Envie um e-mail                <\/h3>\n                        \t\t  \t<p>aftadvocacia@aftadvocacia.adv.br<\/p>\n                                <\/div>\n        \n        <div class=\"icon-hover\">\n            <i aria-hidden=\"true\" class=\"icon icon-mail\"><\/i>        <\/div>\n\n        \n        \n                <\/div>\n                <\/a>\n        <\/div>\t\t\t\t<\/div>\n\t\t\t\t<\/div>\n\t\t\t\t<div class=\"elementor-element elementor-element-29bb507 ekit-equal-height-disable elementor-widget elementor-widget-elementskit-icon-box\" data-id=\"29bb507\" data-element_type=\"widget\" data-widget_type=\"elementskit-icon-box.default\">\n\t\t\t\t<div class=\"elementor-widget-container\">\n\t\t\t\t\t<div class=\"ekit-wid-con\" >        <!-- link opening -->\n                <a href=\"https:\/\/maps.app.goo.gl\/BnfTwe1GhgquJQs29\" target=\"_blank\" class=\"ekit_global_links\">\n                <!-- end link opening -->\n\n        <div class=\"elementskit-infobox text-left text-left icon-lef-right-aligin elementor-animation- media  \">\n                    <div class=\"elementskit-box-header elementor-animation-\">\n                <div class=\"elementskit-info-box-icon  text-center\">\n                    <i aria-hidden=\"true\" class=\"elementkit-infobox-icon icon icon-map-marker1\"><\/i>\n                <\/div>\n          <\/div>\n                        <div class=\"box-body\">\n                            <h3 class=\"elementskit-info-box-title\">\n                    Venha nos visitar                <\/h3>\n                        \t\t  \t<p>Rua Celso Pazza n\u00ba 64, <br>\nBairro Maria Goretti - Bento Gon\u00e7alves RS<\/p>\n                                <\/div>\n        \n        <div class=\"icon-hover\">\n            <i aria-hidden=\"true\" class=\"icon icon-map-marker1\"><\/i>        <\/div>\n\n        \n        \n                <\/div>\n                <\/a>\n        <\/div>\t\t\t\t<\/div>\n\t\t\t\t<\/div>\n\t\t\t\t<\/div>\n\t\t\t\t\t<\/div>\n\t\t\t\t<\/div>\n\t\t<div class=\"elementor-element elementor-element-1977900 e-flex e-con-boxed e-con e-parent\" data-id=\"1977900\" data-element_type=\"container\">\n\t\t\t\t\t<div class=\"e-con-inner\">\n\t\t<div class=\"elementor-element elementor-element-f6884b9 e-con-full e-flex e-con e-child\" data-id=\"f6884b9\" data-element_type=\"container\">\n\t\t\t\t<div class=\"elementor-element elementor-element-4d15734 elementor-widget elementor-widget-heading\" data-id=\"4d15734\" data-element_type=\"widget\" data-widget_type=\"heading.default\">\n\t\t\t\t<div class=\"elementor-widget-container\">\n\t\t\t\t\t<h5 class=\"elementor-heading-title elementor-size-default\">Venha nos visitar<\/h5>\t\t\t\t<\/div>\n\t\t\t\t<\/div>\n\t\t\t\t<div class=\"elementor-element elementor-element-2165d93 elementor-widget__width-initial elementor-widget-tablet__width-inherit elementor-widget elementor-widget-heading\" data-id=\"2165d93\" data-element_type=\"widget\" data-widget_type=\"heading.default\">\n\t\t\t\t<div class=\"elementor-widget-container\">\n\t\t\t\t\t<h2 class=\"elementor-heading-title elementor-size-default\">Aguardamos sua visita<\/h2>\t\t\t\t<\/div>\n\t\t\t\t<\/div>\n\t\t\t\t<\/div>\n\t\t\t\t\t<\/div>\n\t\t\t\t<\/div>\n\t\t<div class=\"elementor-element elementor-element-7586ecb e-con-full e-flex e-con e-parent\" data-id=\"7586ecb\" data-element_type=\"container\">\n\t\t<div class=\"elementor-element elementor-element-371e03c e-con-full e-flex e-con e-child\" data-id=\"371e03c\" data-element_type=\"container\">\n\t\t\t\t<div class=\"elementor-element elementor-element-6396ac4 elementor-widget elementor-widget-google_maps\" data-id=\"6396ac4\" data-element_type=\"widget\" data-widget_type=\"google_maps.default\">\n\t\t\t\t<div class=\"elementor-widget-container\">\n\t\t\t\t\t\t\t<div class=\"elementor-custom-embed\">\n\t\t\t<iframe loading=\"lazy\"\n\t\t\t\t\tsrc=\"https:\/\/maps.google.com\/maps?q=Abreu%2C%20Freitas%20%26%20Terra%20Advocacia%20e%20Consultoria%20Jur%C3%ADdica%20-%20OAB%2FRS%205.114%2C%20R.%20Prof.%20C%C3%A9lso%20Raza%2C%2064%20-%20Maria%20Goretti%2C%20Bento%20Gon%C3%A7alves%20-%20RS%2C%2095707-042&#038;t=m&#038;z=19&#038;output=embed&#038;iwloc=near\"\n\t\t\t\t\ttitle=\"Abreu, Freitas &amp; Terra Advocacia e Consultoria Jur\u00eddica - OAB\/RS 5.114, R. Prof. C\u00e9lso Raza, 64 - Maria Goretti, Bento Gon\u00e7alves - RS, 95707-042\"\n\t\t\t\t\taria-label=\"Abreu, Freitas &amp; Terra Advocacia e Consultoria Jur\u00eddica - OAB\/RS 5.114, R. Prof. C\u00e9lso Raza, 64 - Maria Goretti, Bento Gon\u00e7alves - RS, 95707-042\"\n\t\t\t><\/iframe>\n\t\t<\/div>\n\t\t\t\t\t\t<\/div>\n\t\t\t\t<\/div>\n\t\t\t\t<\/div>\n\t\t\t\t<\/div>\n\t\t\t\t<\/div>\n\t\t","protected":false},"excerpt":{"rendered":"<p>Contato Fale com a AFT Deixe sua mensagem, retornaremos em breve Fone \/ Whats (54) 3055-4987 Atendimento Segunda \u00e0 Sexta, 07:30-11:30 | 13:30-18:00 Envie um e-mail aftadvocacia@aftadvocacia.adv.br Venha nos visitar Rua Celso Pazza n\u00ba 64, Bairro Maria Goretti &#8211; Bento Gon\u00e7alves RS Venha nos visitar Aguardamos sua visita<\/p>\n","protected":false},"author":1,"featured_media":0,"parent":0,"menu_order":0,"comment_status":"closed","ping_status":"closed","template":"elementor_header_footer","meta":{"footnotes":""},"class_list":["post-423","page","type-page","status-publish","hentry"],"yoast_head":"<!-- This site is optimized with the Yoast SEO plugin v25.6 - https:\/\/yoast.com\/wordpress\/plugins\/seo\/ -->\n<title>AFT Advocacia: Excel\u00eancia em Advocacia e Consultoria Jur\u00eddica<\/title>\n<meta name=\"robots\" content=\"index, follow, max-snippet:-1, max-image-preview:large, max-video-preview:-1\" \/>\n<link rel=\"canonical\" href=\"https:\/\/aftadvocacia.adv.br\/wordpressfoto\/contato\/\" \/>\n<meta property=\"og:locale\" content=\"pt_BR\" \/>\n<meta property=\"og:type\" content=\"article\" \/>\n<meta property=\"og:title\" content=\"AFT Advocacia: Excel\u00eancia em Advocacia e Consultoria Jur\u00eddica\" \/>\n<meta property=\"og:description\" content=\"Contato Fale com a AFT Deixe sua mensagem, retornaremos em breve Fone \/ Whats (54) 3055-4987 Atendimento Segunda \u00e0 Sexta, 07:30-11:30 | 13:30-18:00 Envie um e-mail aftadvocacia@aftadvocacia.adv.br Venha nos visitar Rua Celso Pazza n\u00ba 64, Bairro Maria Goretti &#8211; Bento Gon\u00e7alves RS Venha nos visitar Aguardamos sua visita\" \/>\n<meta property=\"og:url\" content=\"https:\/\/aftadvocacia.adv.br\/wordpressfoto\/contato\/\" \/>\n<meta property=\"og:site_name\" content=\"AFT Advocacia: Excel\u00eancia em Advocacia e Consultoria Jur\u00eddica\" \/>\n<meta property=\"article:modified_time\" content=\"2025-03-10T17:11:31+00:00\" \/>\n<meta name=\"twitter:card\" content=\"summary_large_image\" \/>\n<meta name=\"twitter:label1\" content=\"Est. tempo de leitura\" \/>\n\t<meta name=\"twitter:data1\" content=\"1 minuto\" \/>\n<script type=\"application\/ld+json\" class=\"yoast-schema-graph\">{\"@context\":\"https:\/\/schema.org\",\"@graph\":[{\"@type\":\"WebPage\",\"@id\":\"https:\/\/aftadvocacia.adv.br\/wordpressfoto\/contato\/\",\"url\":\"https:\/\/aftadvocacia.adv.br\/wordpressfoto\/contato\/\",\"name\":\"AFT Advocacia: Excel\u00eancia em Advocacia e Consultoria Jur\u00eddica\",\"isPartOf\":{\"@id\":\"https:\/\/aftadvocacia.adv.br\/wordpressfoto\/#website\"},\"datePublished\":\"2023-10-31T21:11:04+00:00\",\"dateModified\":\"2025-03-10T17:11:31+00:00\",\"breadcrumb\":{\"@id\":\"https:\/\/aftadvocacia.adv.br\/wordpressfoto\/contato\/#breadcrumb\"},\"inLanguage\":\"pt-BR\",\"potentialAction\":[{\"@type\":\"ReadAction\",\"target\":[\"https:\/\/aftadvocacia.adv.br\/wordpressfoto\/contato\/\"]}]},{\"@type\":\"BreadcrumbList\",\"@id\":\"https:\/\/aftadvocacia.adv.br\/wordpressfoto\/contato\/#breadcrumb\",\"itemListElement\":[{\"@type\":\"ListItem\",\"position\":1,\"name\":\"In\u00edcio\",\"item\":\"https:\/\/aftadvocacia.adv.br\/wordpressfoto\/\"},{\"@type\":\"ListItem\",\"position\":2,\"name\":\"Contato\"}]},{\"@type\":\"WebSite\",\"@id\":\"https:\/\/aftadvocacia.adv.br\/wordpressfoto\/#website\",\"url\":\"https:\/\/aftadvocacia.adv.br\/wordpressfoto\/\",\"name\":\"AFT Advogados: Excel\u00eancia em Advocacia e Consultoria Jur\u00eddica\",\"description\":\"Com mais de 20 anos de experi\u00eancia, a AFTA Advocacia se destaca pela dedica\u00e7\u00e3o, responsabilidade e compromisso em oferecer solu\u00e7\u00f5es jur\u00eddicas personalizadas. Especializados em Direito Tribut\u00e1rio, Empresarial e diversas outras \u00e1reas, nossa miss\u00e3o \u00e9 satisfazer e superar as expectativas de nossos clientes, atuando com \u00e9tica e compet\u00eancia t\u00e9cnico-jur\u00eddica.\",\"publisher\":{\"@id\":\"https:\/\/aftadvocacia.adv.br\/wordpressfoto\/#organization\"},\"potentialAction\":[{\"@type\":\"SearchAction\",\"target\":{\"@type\":\"EntryPoint\",\"urlTemplate\":\"https:\/\/aftadvocacia.adv.br\/wordpressfoto\/?s={search_term_string}\"},\"query-input\":{\"@type\":\"PropertyValueSpecification\",\"valueRequired\":true,\"valueName\":\"search_term_string\"}}],\"inLanguage\":\"pt-BR\"},{\"@type\":\"Organization\",\"@id\":\"https:\/\/aftadvocacia.adv.br\/wordpressfoto\/#organization\",\"name\":\"AFT Advogados: Excel\u00eancia em Advocacia e Consultoria Jur\u00eddica\",\"url\":\"https:\/\/aftadvocacia.adv.br\/wordpressfoto\/\",\"logo\":{\"@type\":\"ImageObject\",\"inLanguage\":\"pt-BR\",\"@id\":\"https:\/\/aftadvocacia.adv.br\/wordpressfoto\/#\/schema\/logo\/image\/\",\"url\":\"https:\/\/aftadvocacia.adv.br\/wordpressfoto\/wp-content\/uploads\/2024\/01\/Logotipo-com-OAB-aft-advogados-bento-direito.png\",\"contentUrl\":\"https:\/\/aftadvocacia.adv.br\/wordpressfoto\/wp-content\/uploads\/2024\/01\/Logotipo-com-OAB-aft-advogados-bento-direito.png\",\"width\":350,\"height\":184,\"caption\":\"AFT Advogados: Excel\u00eancia em Advocacia e Consultoria Jur\u00eddica\"},\"image\":{\"@id\":\"https:\/\/aftadvocacia.adv.br\/wordpressfoto\/#\/schema\/logo\/image\/\"}}]}<\/script>\n<!-- \/ Yoast SEO plugin. -->","yoast_head_json":{"title":"AFT Advocacia: Excel\u00eancia em Advocacia e Consultoria Jur\u00eddica","robots":{"index":"index","follow":"follow","max-snippet":"max-snippet:-1","max-image-preview":"max-image-preview:large","max-video-preview":"max-video-preview:-1"},"canonical":"https:\/\/aftadvocacia.adv.br\/wordpressfoto\/contato\/","og_locale":"pt_BR","og_type":"article","og_title":"AFT Advocacia: Excel\u00eancia em Advocacia e Consultoria Jur\u00eddica","og_description":"Contato Fale com a AFT Deixe sua mensagem, retornaremos em breve Fone \/ Whats (54) 3055-4987 Atendimento Segunda \u00e0 Sexta, 07:30-11:30 | 13:30-18:00 Envie um e-mail aftadvocacia@aftadvocacia.adv.br Venha nos visitar Rua Celso Pazza n\u00ba 64, Bairro Maria Goretti &#8211; Bento Gon\u00e7alves RS Venha nos visitar Aguardamos sua visita","og_url":"https:\/\/aftadvocacia.adv.br\/wordpressfoto\/contato\/","og_site_name":"AFT Advocacia: Excel\u00eancia em Advocacia e Consultoria Jur\u00eddica","article_modified_time":"2025-03-10T17:11:31+00:00","twitter_card":"summary_large_image","twitter_misc":{"Est. tempo de leitura":"1 minuto"},"schema":{"@context":"https:\/\/schema.org","@graph":[{"@type":"WebPage","@id":"https:\/\/aftadvocacia.adv.br\/wordpressfoto\/contato\/","url":"https:\/\/aftadvocacia.adv.br\/wordpressfoto\/contato\/","name":"AFT Advocacia: Excel\u00eancia em Advocacia e Consultoria Jur\u00eddica","isPartOf":{"@id":"https:\/\/aftadvocacia.adv.br\/wordpressfoto\/#website"},"datePublished":"2023-10-31T21:11:04+00:00","dateModified":"2025-03-10T17:11:31+00:00","breadcrumb":{"@id":"https:\/\/aftadvocacia.adv.br\/wordpressfoto\/contato\/#breadcrumb"},"inLanguage":"pt-BR","potentialAction":[{"@type":"ReadAction","target":["https:\/\/aftadvocacia.adv.br\/wordpressfoto\/contato\/"]}]},{"@type":"BreadcrumbList","@id":"https:\/\/aftadvocacia.adv.br\/wordpressfoto\/contato\/#breadcrumb","itemListElement":[{"@type":"ListItem","position":1,"name":"In\u00edcio","item":"https:\/\/aftadvocacia.adv.br\/wordpressfoto\/"},{"@type":"ListItem","position":2,"name":"Contato"}]},{"@type":"WebSite","@id":"https:\/\/aftadvocacia.adv.br\/wordpressfoto\/#website","url":"https:\/\/aftadvocacia.adv.br\/wordpressfoto\/","name":"AFT Advogados: Excel\u00eancia em Advocacia e Consultoria Jur\u00eddica","description":"Com mais de 20 anos de experi\u00eancia, a AFTA Advocacia se destaca pela dedica\u00e7\u00e3o, responsabilidade e compromisso em oferecer solu\u00e7\u00f5es jur\u00eddicas personalizadas. Especializados em Direito Tribut\u00e1rio, Empresarial e diversas outras \u00e1reas, nossa miss\u00e3o \u00e9 satisfazer e superar as expectativas de nossos clientes, atuando com \u00e9tica e compet\u00eancia t\u00e9cnico-jur\u00eddica.","publisher":{"@id":"https:\/\/aftadvocacia.adv.br\/wordpressfoto\/#organization"},"potentialAction":[{"@type":"SearchAction","target":{"@type":"EntryPoint","urlTemplate":"https:\/\/aftadvocacia.adv.br\/wordpressfoto\/?s={search_term_string}"},"query-input":{"@type":"PropertyValueSpecification","valueRequired":true,"valueName":"search_term_string"}}],"inLanguage":"pt-BR"},{"@type":"Organization","@id":"https:\/\/aftadvocacia.adv.br\/wordpressfoto\/#organization","name":"AFT Advogados: Excel\u00eancia em Advocacia e Consultoria Jur\u00eddica","url":"https:\/\/aftadvocacia.adv.br\/wordpressfoto\/","logo":{"@type":"ImageObject","inLanguage":"pt-BR","@id":"https:\/\/aftadvocacia.adv.br\/wordpressfoto\/#\/schema\/logo\/image\/","url":"https:\/\/aftadvocacia.adv.br\/wordpressfoto\/wp-content\/uploads\/2024\/01\/Logotipo-com-OAB-aft-advogados-bento-direito.png","contentUrl":"https:\/\/aftadvocacia.adv.br\/wordpressfoto\/wp-content\/uploads\/2024\/01\/Logotipo-com-OAB-aft-advogados-bento-direito.png","width":350,"height":184,"caption":"AFT Advogados: Excel\u00eancia em Advocacia e Consultoria Jur\u00eddica"},"image":{"@id":"https:\/\/aftadvocacia.adv.br\/wordpressfoto\/#\/schema\/logo\/image\/"}}]}},"_links":{"self":[{"href":"https:\/\/aftadvocacia.adv.br\/wordpressfoto\/wp-json\/wp\/v2\/pages\/423","targetHints":{"allow":["GET"]}}],"collection":[{"href":"https:\/\/aftadvocacia.adv.br\/wordpressfoto\/wp-json\/wp\/v2\/pages"}],"about":[{"href":"https:\/\/aftadvocacia.adv.br\/wordpressfoto\/wp-json\/wp\/v2\/types\/page"}],"author":[{"embeddable":true,"href":"https:\/\/aftadvocacia.adv.br\/wordpressfoto\/wp-json\/wp\/v2\/users\/1"}],"replies":[{"embeddable":true,"href":"https:\/\/aftadvocacia.adv.br\/wordpressfoto\/wp-json\/wp\/v2\/comments?post=423"}],"version-history":[{"count":6,"href":"https:\/\/aftadvocacia.adv.br\/wordpressfoto\/wp-json\/wp\/v2\/pages\/423\/revisions"}],"predecessor-version":[{"id":3747,"href":"https:\/\/aftadvocacia.adv.br\/wordpressfoto\/wp-json\/wp\/v2\/pages\/423\/revisions\/3747"}],"wp:attachment":[{"href":"https:\/\/aftadvocacia.adv.br\/wordpressfoto\/wp-json\/wp\/v2\/media?parent=423"}],"curies":[{"name":"wp","href":"https:\/\/api.w.org\/{rel}","templated":true}]}}